{"id":48,"date":"2013-12-23T08:29:41","date_gmt":"2013-12-23T08:29:41","guid":{"rendered":"http:\/\/afemom.org\/?page_id=48"},"modified":"2026-03-04T02:01:25","modified_gmt":"2026-03-04T02:01:25","slug":"contact","status":"publish","type":"page","link":"https:\/\/stephaniearnold.net\/es\/contact\/","title":{"rendered":"Contact"},"content":{"rendered":"<section class=\"l-section wpb_row us_custom_2223655c background hide_on_tablets hide_on_mobiles height_large\"><div class=\"l-section-h i-cf\"><div class=\"g-cols vc_row via_flex valign_top type_default stacking_default\"><div class=\"vc_col-sm-6 wpb_column vc_column_container\"><div class=\"vc_column-inner us_custom_721d2d56\"><div class=\"wpb_wrapper\"><div class=\"w-separator us_custom_0c0409d7 size_large\"><\/div><div class=\"wpb_text_column us_custom_42571dc3 has_text_color\"><div class=\"wpb_wrapper\"><p>get in<\/p>\n<\/div><\/div><div class=\"wpb_text_column us_custom_c5be0d6b s_speaks has_text_color\"><div class=\"wpb_wrapper\"><h1 style=\"line-height: 80%; font-size: 8rem; padding-top: 20px;\">Touch<\/h1>\n<\/div><\/div><div class=\"w-separator us_custom_cc524fbd size_large\"><\/div><\/div><\/div><\/div><div class=\"vc_col-sm-6 wpb_column vc_column_container\"><div class=\"vc_column-inner\"><div class=\"wpb_wrapper\"><\/div><\/div><\/div><\/div><\/div><\/section><section class=\"l-section wpb_row us_custom_7e5d1506 background hide_on_default hide_on_laptops height_large\"><div class=\"l-section-h i-cf\"><div class=\"g-cols vc_row via_flex valign_top type_default stacking_default\"><div class=\"vc_col-sm-12 wpb_column vc_column_container\"><div class=\"vc_column-inner\"><div class=\"wpb_wrapper\"><div class=\"w-separator us_custom_cc524fbd size_custom\" style=\"height:400px\"><\/div><\/div><\/div><\/div><\/div><\/div><\/section><section class=\"l-section wpb_row contact_block height_medium\"><div class=\"l-section-overlay\" style=\"background:var(--color-header-middle-bg)\"><\/div><div class=\"l-section-h i-cf\"><div class=\"g-cols vc_row via_flex valign_top type_default stacking_default\" style=\"--additional-gap:2rem;\"><div class=\"vc_col-sm-6 wpb_column vc_column_container\"><div class=\"vc_column-inner\"><div class=\"wpb_wrapper\"><div class=\"wpb_text_column\"><div class=\"wpb_wrapper\"><h2 style=\"font-family: Libre Baskerville; font-size: 2.5rem; color: #2286ba;\">I am grateful to be here&#8230;<\/h2>\n<\/div><\/div><div class=\"wpb_text_column\"><div class=\"wpb_wrapper\"><p>crossing your path and sharing my story with you. But more importantly, you crossed my path, so please reach out and share your stories with me, so we can both grow from our life experiences.<\/p>\n<\/div><\/div><div class=\"w-socials us_custom_2447dae0 coral_links has_text_color color_link shape_none\" style=\"--gap:0.5em;\"><div class=\"w-socials-list\"><div class=\"w-socials-item instagram\"><a target=\"_blank\" rel=\"nofollow\" href=\"https:\/\/www.instagram.com\/StephArnold37\/\" class=\"w-socials-item-link\" aria-label=\"Instagram\"><span class=\"w-socials-item-link-hover\"><\/span><i class=\"fab fa-instagram\"><\/i><\/a><div class=\"w-socials-item-popup\"><span>Instagram<\/span><\/div><\/div><div class=\"w-socials-item facebook\"><a target=\"_blank\" rel=\"nofollow\" href=\"https:\/\/www.facebook.com\/StephArnold37\" class=\"w-socials-item-link\" aria-label=\"Facebook\"><span class=\"w-socials-item-link-hover\"><\/span><i class=\"fab fa-facebook\"><\/i><\/a><div class=\"w-socials-item-popup\"><span>Facebook<\/span><\/div><\/div><div class=\"w-socials-item twitter\"><a target=\"_blank\" rel=\"nofollow\" href=\"https:\/\/x.com\/StephArnold37\" class=\"w-socials-item-link\" aria-label=\"X\"><span class=\"w-socials-item-link-hover\"><\/span><i class=\"fab fa-x-twitter\"><svg style=\"width:1em; margin-bottom:-.1em;\" xmlns=\"http:\/\/www.w3.org\/2000\/svg\" viewbox=\"0 0 512 512\" role=\"presentation\"><path fill=\"currentColor\" d=\"M389.2 48h70.6L305.6 224.2 487 464H345L233.7 318.6 106.5 464H35.8L200.7 275.5 26.8 48H172.4L272.9 180.9 389.2 48zM364.4 421.8h39.1L151.1 88h-42L364.4 421.8z\"\/><\/svg><\/i><\/a><div class=\"w-socials-item-popup\"><span>X<\/span><\/div><\/div><\/div><\/div><\/div><\/div><\/div><div class=\"vc_col-sm-6 wpb_column vc_column_container\"><div class=\"vc_column-inner\"><div class=\"wpb_wrapper\"><form class=\"w-form  us-field-style_1 layout_ver show_message_after_sending for_cform us_form_1\" action=\"https:\/\/stephaniearnold.net\/es\/es\/wp-json\/wp\/v2\/pages\/48\" method=\"post\" data-trp-original-action=\"https:\/\/stephaniearnold.net\/es\/es\/wp-json\/wp\/v2\/pages\/48\"><div class=\"w-form-h\"><div class=\"w-form-row for_checkboxes has_label required\">\r\n\t\t\t<div class=\"w-form-row-label\">\r\n\t\t\t<span>How I want to connect with Stephanie: <span class=\"required\">*<\/span><\/span>\r\n\t\t<\/div>\r\n\t\t<div class=\"w-form-row-field\">\r\n\t\t\t\t\t<label>\r\n\t\t\t\t<input type=\"checkbox\" name=\"us_form_1_checkboxes_1[]\" data-required=\"true\" value=\"Share my personal story with Stephanie\"\/>\r\n\t\t\t\t<span>Share my personal story with Stephanie<\/span>\r\n\t\t\t<\/label>\r\n\t\t\t\t\t\t<label>\r\n\t\t\t\t<input type=\"checkbox\" name=\"us_form_1_checkboxes_1[]\" data-required=\"true\" value=\"Book Stephanie to Speak\"\/>\r\n\t\t\t\t<span>Book Stephanie to Speak<\/span>\r\n\t\t\t<\/label>\r\n\t\t\t\t\t\t<label>\r\n\t\t\t\t<input type=\"checkbox\" name=\"us_form_1_checkboxes_1[]\" data-required=\"true\" value=\"Book Stephanie for a podcast\"\/>\r\n\t\t\t\t<span>Book Stephanie for a podcast<\/span>\r\n\t\t\t<\/label>\r\n\t\t\t\t\t\t<label>\r\n\t\t\t\t<input type=\"checkbox\" name=\"us_form_1_checkboxes_1[]\" data-required=\"true\" value=\"Book Stephanie for a media interview\"\/>\r\n\t\t\t\t<span>Book Stephanie for a media interview<\/span>\r\n\t\t\t<\/label>\r\n\t\t\t\t<\/div>\r\n\t\t\t<div class=\"w-form-row-description\">\r\n\t\t\t(check all that apply)\t\t<\/div>\r\n\t\t<div class=\"w-form-row-state\">Selecciona una opci\u00f3n<\/div>\r\n<\/div>\r\n<div class=\"w-form-row for_text required cols_2\">\r\n\t\t<div class=\"w-form-row-field\">\r\n\t\t\t\t\t\t<input aria-label=\"Primer Nombre\" type=\"text\" name=\"us_form_1_text_1\" value placeholder=\"First Name *\" data-required=\"true\" aria-required=\"true\"\/>\r\n\t\t\t<\/div>\r\n\t\t<div class=\"w-form-row-state\">Rellena este campo<\/div>\r\n<\/div>\r\n<div class=\"w-form-row for_text required cols_2\">\r\n\t\t<div class=\"w-form-row-field\">\r\n\t\t\t\t\t\t<input aria-label=\"Last Name\" type=\"text\" name=\"us_form_1_text_2\" value placeholder=\"Last Name *\" data-required=\"true\" aria-required=\"true\"\/>\r\n\t\t\t<\/div>\r\n\t\t<div class=\"w-form-row-state\">Rellena este campo<\/div>\r\n<\/div>\r\n<div class=\"w-form-row for_email required cols_2\">\r\n\t\t<div class=\"w-form-row-field\">\r\n\t\t\t\t\t\t<input aria-label=\"Email\" type=\"email\" name=\"us_form_1_email_1\" value placeholder=\"Correo Electr\u00f3nico *\" data-required=\"true\" aria-required=\"true\"\/>\r\n\t\t\t<\/div>\r\n\t\t<div class=\"w-form-row-state\">Por favor, introduce una direcci\u00f3n de correo electr\u00f3nico v\u00e1lida.<\/div>\r\n<\/div>\r\n<div class=\"w-form-row for_text cols_2\">\r\n\t\t<div class=\"w-form-row-field\">\r\n\t\t\t\t\t\t<input aria-label=\"Phone Number\" type=\"text\" name=\"us_form_1_text_3\" value placeholder=\"Phone Number\"\/>\r\n\t\t\t<\/div>\r\n\t\t<div class=\"w-form-row-state\">Rellena este campo<\/div>\r\n<\/div>\r\n<div class=\"w-form-row for_text\">\r\n\t\t<div class=\"w-form-row-field\">\r\n\t\t\t\t\t\t<input aria-label=\"Company\" type=\"text\" name=\"us_form_1_text_4\" value placeholder=\"Company\"\/>\r\n\t\t\t<\/div>\r\n\t\t<div class=\"w-form-row-state\">Rellena este campo<\/div>\r\n<\/div>\r\n<div class=\"w-form-row for_textarea required\">\r\n\t\t<div class=\"w-form-row-field\">\r\n\t\t\t\t\t\t<textarea aria-label=\"Message\" name=\"us_form_1_textarea_1\" placeholder=\"Mensaje *\" data-required=\"true\" aria-required=\"true\"><\/textarea>\r\n\t\t\t<\/div>\r\n\t\t<div class=\"w-form-row-state\">Rellena este campo<\/div>\r\n<\/div>\r\n<input type=\"hidden\" name=\"action\" value=\"us_ajax_cform\" \/>\r\n<input type=\"hidden\" name=\"post_id\" value=\"0\" \/>\r\n<input type=\"hidden\" name=\"form_index\" value=\"1\" \/>\r\n<div class=\"w-form-row for_submit align_justify\">\r\n\t<button class=\"w-btn  us-btn-style_2\" aria-label=\"Enviar\" type=\"submit\">\r\n\t\t<span class=\"g-preloader type_1\"><\/span>\r\n\t\t\t\t<span class=\"w-btn-label\">Enviar<\/span>\r\n\t\t\t<\/button>\r\n\t<\/div>\r\n<\/div><div class=\"w-form-message\"><\/div><div class=\"w-form-json hidden\" onclick='return {&quot;ajaxurl&quot;:&quot;https:\\\/\\\/stephaniearnold.net\\\/wp-admin\\\/admin-ajax.php&quot;,&quot;messages&quot;:{&quot;err_empty&quot;:&quot;Rellena este campo&quot;,&quot;err_size&quot;:&quot;El tama\\u00f1o del archivo no puede exceder %s MB&quot;,&quot;err_extension&quot;:&quot;El tipo de archivo %s no est\\u00e1 permitido&quot;,&quot;err_recaptcha_keys&quot;:&quot;Las claves de reCAPTCHA son incorrectas&quot;}}'><\/div><input type=\"hidden\" name=\"trp-form-language\" value=\"es\"\/><\/form><\/div><\/div><\/div><\/div><\/div><\/section><section class=\"l-section wpb_row us_custom_185d052e height_medium\"><div class=\"l-section-h i-cf\"><div class=\"g-cols vc_row via_flex valign_top type_default stacking_default\"><div class=\"vc_col-sm-12 wpb_column vc_column_container\"><div class=\"vc_column-inner\"><div class=\"wpb_wrapper\"><div class=\"g-cols wpb_row via_flex valign_top type_default stacking_default\"><div class=\"vc_col-sm-6 wpb_column vc_column_container\"><div class=\"vc_column-inner\"><div class=\"wpb_wrapper\"><div class=\"wpb_text_column\"><div class=\"wpb_wrapper\"><h3>Para Consultas de la Prensa<\/h3>\n<\/div><\/div><div class=\"wpb_text_column\"><div class=\"wpb_wrapper\"><p>For all media inquiries, please fill out the form below.<\/p>\n<\/div><\/div><form class=\"w-form  us-field-style_1 layout_ver show_message_after_sending for_cform us_form_2\" action=\"https:\/\/stephaniearnold.net\/es\/es\/wp-json\/wp\/v2\/pages\/48\" method=\"post\" data-trp-original-action=\"https:\/\/stephaniearnold.net\/es\/es\/wp-json\/wp\/v2\/pages\/48\"><div class=\"w-form-h\"><div class=\"w-form-row for_text required cols_2\">\r\n\t\t<div class=\"w-form-row-field\">\r\n\t\t\t\t\t\t<input aria-label=\"Primer Nombre\" type=\"text\" name=\"us_form_2_text_1\" value placeholder=\"First Name *\" data-required=\"true\" aria-required=\"true\"\/>\r\n\t\t\t<\/div>\r\n\t\t<div class=\"w-form-row-state\">Rellena este campo<\/div>\r\n<\/div>\r\n<div class=\"w-form-row for_text required cols_2\">\r\n\t\t<div class=\"w-form-row-field\">\r\n\t\t\t\t\t\t<input aria-label=\"Last Name\" type=\"text\" name=\"us_form_2_text_2\" value placeholder=\"Last Name *\" data-required=\"true\" aria-required=\"true\"\/>\r\n\t\t\t<\/div>\r\n\t\t<div class=\"w-form-row-state\">Rellena este campo<\/div>\r\n<\/div>\r\n<div class=\"w-form-row for_email required cols_2\">\r\n\t\t<div class=\"w-form-row-field\">\r\n\t\t\t\t\t\t<input aria-label=\"Email\" type=\"email\" name=\"us_form_2_email_1\" value placeholder=\"Correo Electr\u00f3nico *\" data-required=\"true\" aria-required=\"true\"\/>\r\n\t\t\t<\/div>\r\n\t\t<div class=\"w-form-row-state\">Por favor, introduce una direcci\u00f3n de correo electr\u00f3nico v\u00e1lida.<\/div>\r\n<\/div>\r\n<div class=\"w-form-row for_text cols_2\">\r\n\t\t<div class=\"w-form-row-field\">\r\n\t\t\t\t\t\t<input aria-label=\"Phone Number\" type=\"text\" name=\"us_form_2_text_3\" value placeholder=\"Phone Number\"\/>\r\n\t\t\t<\/div>\r\n\t\t<div class=\"w-form-row-state\">Rellena este campo<\/div>\r\n<\/div>\r\n<div class=\"w-form-row for_text\">\r\n\t\t<div class=\"w-form-row-field\">\r\n\t\t\t\t\t\t<input aria-label=\"Company\" type=\"text\" name=\"us_form_2_text_4\" value placeholder=\"Company\"\/>\r\n\t\t\t<\/div>\r\n\t\t<div class=\"w-form-row-state\">Rellena este campo<\/div>\r\n<\/div>\r\n<div class=\"w-form-row for_textarea required\">\r\n\t\t<div class=\"w-form-row-field\">\r\n\t\t\t\t\t\t<textarea aria-label=\"Message\" name=\"us_form_2_textarea_1\" placeholder=\"Mensaje *\" data-required=\"true\" aria-required=\"true\"><\/textarea>\r\n\t\t\t<\/div>\r\n\t\t<div class=\"w-form-row-state\">Rellena este campo<\/div>\r\n<\/div>\r\n<input type=\"hidden\" name=\"action\" value=\"us_ajax_cform\" \/>\r\n<input type=\"hidden\" name=\"post_id\" value=\"0\" \/>\r\n<input type=\"hidden\" name=\"form_index\" value=\"2\" \/>\r\n<div class=\"w-form-row for_submit align_justify\">\r\n\t<button class=\"w-btn  us-btn-style_2\" aria-label=\"Enviar\" type=\"submit\">\r\n\t\t<span class=\"g-preloader type_1\"><\/span>\r\n\t\t\t\t<span class=\"w-btn-label\">Enviar<\/span>\r\n\t\t\t<\/button>\r\n\t<\/div>\r\n<\/div><div class=\"w-form-message\"><\/div><div class=\"w-form-json hidden\" onclick='return {&quot;ajaxurl&quot;:&quot;https:\\\/\\\/stephaniearnold.net\\\/wp-admin\\\/admin-ajax.php&quot;,&quot;messages&quot;:{&quot;err_empty&quot;:&quot;Rellena este campo&quot;,&quot;err_size&quot;:&quot;El tama\\u00f1o del archivo no puede exceder %s MB&quot;,&quot;err_extension&quot;:&quot;El tipo de archivo %s no est\\u00e1 permitido&quot;,&quot;err_recaptcha_keys&quot;:&quot;Las claves de reCAPTCHA son incorrectas&quot;}}'><\/div><input type=\"hidden\" name=\"trp-form-language\" value=\"es\"\/><\/form><\/div><\/div><\/div><div class=\"vc_col-sm-6 wpb_column vc_column_container\"><div class=\"vc_column-inner\"><div class=\"wpb_wrapper\"><div class=\"wpb_text_column\"><div class=\"wpb_wrapper\"><h3>Para Conferencias o Presentaciones Orales<\/h3>\n<\/div><\/div><div class=\"wpb_text_column us_custom_82a17ce1\"><div class=\"wpb_wrapper\"><p>Please email Jennifer Lier for more information.<br \/>\n<a href=\"mailto:Jennifer@nationalkeynotespeakers.com\"><span style=\"font-weight: 400;\">Jennifer@nationalkeynotespeakers.com<\/span><\/a><\/p>\n<\/div><\/div><\/div><\/div><\/div><\/div><\/div><\/div><\/div><\/div><\/div><\/section>","protected":false},"excerpt":{"rendered":"get in Touch I am grateful to be here&#8230; crossing your path and sharing my story with you. But more importantly, you crossed my path, so please reach out and share your stories with me, so we can both grow from our life experiences. InstagramFacebookX How I want to connect with Stephanie: * Share my...","protected":false},"author":1,"featured_media":6982,"parent":0,"menu_order":0,"comment_status":"closed","ping_status":"open","template":"","meta":{"_acf_changed":false,"_wp_convertkit_post_meta":{"form":"-1","landing_page":"0","tag":"0","restrict_content":"0"},"footnotes":""},"class_list":["post-48","page","type-page","status-publish","has-post-thumbnail","hentry"],"acf":[],"yoast_head":"<!-- This site is optimized with the Yoast SEO plugin v27.4 - https:\/\/yoast.com\/product\/yoast-seo-wordpress\/ -->\n<title>Contact - Stephanie Arnold<\/title>\n<meta name=\"description\" content=\"I am grateful to be here crossing your path so please reach out and share your stories with me, so we can both grow from our life experiences.\" \/>\n<meta name=\"robots\" content=\"index, follow, max-snippet:-1, max-image-preview:large, max-video-preview:-1\" \/>\n<link rel=\"canonical\" href=\"https:\/\/stephaniearnold.net\/es\/contact\/\" \/>\n<meta property=\"og:locale\" content=\"es_ES\" \/>\n<meta property=\"og:type\" content=\"article\" \/>\n<meta property=\"og:title\" content=\"Contact - Stephanie Arnold\" \/>\n<meta property=\"og:description\" content=\"I am grateful to be here crossing your path so please reach out and share your stories with me, so we can both grow from our life experiences.\" \/>\n<meta property=\"og:url\" content=\"https:\/\/stephaniearnold.net\/es\/contact\/\" \/>\n<meta property=\"og:site_name\" content=\"Stephanie Arnold\" \/>\n<meta property=\"article:modified_time\" content=\"2026-03-04T02:01:25+00:00\" \/>\n<meta property=\"og:image\" content=\"http:\/\/stephaniearnold.net\/wp-content\/uploads\/2026\/03\/SA_2025_social.webp\" \/>\n\t<meta property=\"og:image:width\" content=\"1545\" \/>\n\t<meta property=\"og:image:height\" content=\"822\" \/>\n\t<meta property=\"og:image:type\" content=\"image\/webp\" \/>\n<meta name=\"twitter:card\" content=\"summary_large_image\" \/>\n<meta name=\"twitter:label1\" content=\"Tiempo de lectura\" \/>\n\t<meta name=\"twitter:data1\" content=\"1 minuto\" \/>\n<script type=\"application\/ld+json\" class=\"yoast-schema-graph\">{\"@context\":\"https:\\\/\\\/schema.org\",\"@graph\":[{\"@type\":\"WebPage\",\"@id\":\"https:\\\/\\\/stephaniearnold.net\\\/contact\\\/\",\"url\":\"https:\\\/\\\/stephaniearnold.net\\\/contact\\\/\",\"name\":\"Contact - Stephanie Arnold\",\"isPartOf\":{\"@id\":\"https:\\\/\\\/stephaniearnold.net\\\/#website\"},\"primaryImageOfPage\":{\"@id\":\"https:\\\/\\\/stephaniearnold.net\\\/contact\\\/#primaryimage\"},\"image\":{\"@id\":\"https:\\\/\\\/stephaniearnold.net\\\/contact\\\/#primaryimage\"},\"thumbnailUrl\":\"https:\\\/\\\/stephaniearnold.net\\\/wp-content\\\/uploads\\\/2026\\\/03\\\/SA_2025_social.webp\",\"datePublished\":\"2013-12-23T08:29:41+00:00\",\"dateModified\":\"2026-03-04T02:01:25+00:00\",\"description\":\"I am grateful to be here crossing your path so please reach out and share your stories with me, so we can both grow from our life experiences.\",\"breadcrumb\":{\"@id\":\"https:\\\/\\\/stephaniearnold.net\\\/contact\\\/#breadcrumb\"},\"inLanguage\":\"es\",\"potentialAction\":[{\"@type\":\"ReadAction\",\"target\":[\"https:\\\/\\\/stephaniearnold.net\\\/contact\\\/\"]}]},{\"@type\":\"ImageObject\",\"inLanguage\":\"es\",\"@id\":\"https:\\\/\\\/stephaniearnold.net\\\/contact\\\/#primaryimage\",\"url\":\"https:\\\/\\\/stephaniearnold.net\\\/wp-content\\\/uploads\\\/2026\\\/03\\\/SA_2025_social.webp\",\"contentUrl\":\"https:\\\/\\\/stephaniearnold.net\\\/wp-content\\\/uploads\\\/2026\\\/03\\\/SA_2025_social.webp\",\"width\":1545,\"height\":822},{\"@type\":\"BreadcrumbList\",\"@id\":\"https:\\\/\\\/stephaniearnold.net\\\/contact\\\/#breadcrumb\",\"itemListElement\":[{\"@type\":\"ListItem\",\"position\":1,\"name\":\"Home\",\"item\":\"https:\\\/\\\/stephaniearnold.net\\\/\"},{\"@type\":\"ListItem\",\"position\":2,\"name\":\"Contact\"}]},{\"@type\":\"WebSite\",\"@id\":\"https:\\\/\\\/stephaniearnold.net\\\/#website\",\"url\":\"https:\\\/\\\/stephaniearnold.net\\\/\",\"name\":\"Stephanie Arnold\",\"description\":\"Wife, Mother, Survivor, Author, Speaker and Accidental Medium\",\"potentialAction\":[{\"@type\":\"SearchAction\",\"target\":{\"@type\":\"EntryPoint\",\"urlTemplate\":\"https:\\\/\\\/stephaniearnold.net\\\/?s={search_term_string}\"},\"query-input\":{\"@type\":\"PropertyValueSpecification\",\"valueRequired\":true,\"valueName\":\"search_term_string\"}}],\"inLanguage\":\"es\"}]}<\/script>\n<!-- \/ Yoast SEO plugin. -->","yoast_head_json":{"title":"Contact - Stephanie Arnold","description":"I am grateful to be here crossing your path so please reach out and share your stories with me, so we can both grow from our life experiences.","robots":{"index":"index","follow":"follow","max-snippet":"max-snippet:-1","max-image-preview":"max-image-preview:large","max-video-preview":"max-video-preview:-1"},"canonical":"https:\/\/stephaniearnold.net\/es\/contact\/","og_locale":"es_ES","og_type":"article","og_title":"Contact - Stephanie Arnold","og_description":"I am grateful to be here crossing your path so please reach out and share your stories with me, so we can both grow from our life experiences.","og_url":"https:\/\/stephaniearnold.net\/es\/contact\/","og_site_name":"Stephanie Arnold","article_modified_time":"2026-03-04T02:01:25+00:00","og_image":[{"width":1545,"height":822,"url":"http:\/\/stephaniearnold.net\/wp-content\/uploads\/2026\/03\/SA_2025_social.webp","type":"image\/webp"}],"twitter_card":"summary_large_image","twitter_misc":{"Tiempo de lectura":"1 minuto"},"schema":{"@context":"https:\/\/schema.org","@graph":[{"@type":"WebPage","@id":"https:\/\/stephaniearnold.net\/contact\/","url":"https:\/\/stephaniearnold.net\/contact\/","name":"Contact - Stephanie Arnold","isPartOf":{"@id":"https:\/\/stephaniearnold.net\/#website"},"primaryImageOfPage":{"@id":"https:\/\/stephaniearnold.net\/contact\/#primaryimage"},"image":{"@id":"https:\/\/stephaniearnold.net\/contact\/#primaryimage"},"thumbnailUrl":"https:\/\/stephaniearnold.net\/wp-content\/uploads\/2026\/03\/SA_2025_social.webp","datePublished":"2013-12-23T08:29:41+00:00","dateModified":"2026-03-04T02:01:25+00:00","description":"I am grateful to be here crossing your path so please reach out and share your stories with me, so we can both grow from our life experiences.","breadcrumb":{"@id":"https:\/\/stephaniearnold.net\/contact\/#breadcrumb"},"inLanguage":"es","potentialAction":[{"@type":"ReadAction","target":["https:\/\/stephaniearnold.net\/contact\/"]}]},{"@type":"ImageObject","inLanguage":"es","@id":"https:\/\/stephaniearnold.net\/contact\/#primaryimage","url":"https:\/\/stephaniearnold.net\/wp-content\/uploads\/2026\/03\/SA_2025_social.webp","contentUrl":"https:\/\/stephaniearnold.net\/wp-content\/uploads\/2026\/03\/SA_2025_social.webp","width":1545,"height":822},{"@type":"BreadcrumbList","@id":"https:\/\/stephaniearnold.net\/contact\/#breadcrumb","itemListElement":[{"@type":"ListItem","position":1,"name":"Home","item":"https:\/\/stephaniearnold.net\/"},{"@type":"ListItem","position":2,"name":"Contact"}]},{"@type":"WebSite","@id":"https:\/\/stephaniearnold.net\/#website","url":"https:\/\/stephaniearnold.net\/","name":"Stephanie Arnold","description":"Wife, Mother, Survivor, Author, Speaker and Accidental Medium","potentialAction":[{"@type":"SearchAction","target":{"@type":"EntryPoint","urlTemplate":"https:\/\/stephaniearnold.net\/?s={search_term_string}"},"query-input":{"@type":"PropertyValueSpecification","valueRequired":true,"valueName":"search_term_string"}}],"inLanguage":"es"}]}},"_links":{"self":[{"href":"https:\/\/stephaniearnold.net\/es\/wp-json\/wp\/v2\/pages\/48","targetHints":{"allow":["GET"]}}],"collection":[{"href":"https:\/\/stephaniearnold.net\/es\/wp-json\/wp\/v2\/pages"}],"about":[{"href":"https:\/\/stephaniearnold.net\/es\/wp-json\/wp\/v2\/types\/page"}],"author":[{"embeddable":true,"href":"https:\/\/stephaniearnold.net\/es\/wp-json\/wp\/v2\/users\/1"}],"replies":[{"embeddable":true,"href":"https:\/\/stephaniearnold.net\/es\/wp-json\/wp\/v2\/comments?post=48"}],"version-history":[{"count":7,"href":"https:\/\/stephaniearnold.net\/es\/wp-json\/wp\/v2\/pages\/48\/revisions"}],"predecessor-version":[{"id":6980,"href":"https:\/\/stephaniearnold.net\/es\/wp-json\/wp\/v2\/pages\/48\/revisions\/6980"}],"wp:featuredmedia":[{"embeddable":true,"href":"https:\/\/stephaniearnold.net\/es\/wp-json\/wp\/v2\/media\/6982"}],"wp:attachment":[{"href":"https:\/\/stephaniearnold.net\/es\/wp-json\/wp\/v2\/media?parent=48"}],"curies":[{"name":"wp","href":"https:\/\/api.w.org\/{rel}","templated":true}]}}